{"id":147,"date":"2019-07-09T13:01:55","date_gmt":"2019-07-09T13:01:55","guid":{"rendered":"https:\/\/2019.milano.wordcamp.org\/?page_id=147"},"modified":"2019-11-19T15:55:36","modified_gmt":"2019-11-19T15:55:36","slug":"cose-il-contributor-day","status":"publish","type":"page","link":"https:\/\/milano.wordcamp.org\/2019\/cose-il-contributor-day\/","title":{"rendered":"Cos\u2019\u00e8 il Contributor Day?"},"content":{"rendered":"\n<p><em>Italian text is followed by <a href=\"#en\">English<\/a><\/em><\/p>\n\n\n\n<p>Il Contributor Day \u00e8 una giornata di lavoro in gruppo, guidata da \ncontributor esperti, dedicata alle diverse aree che compongono \nWordPress. I gruppi di lavoro sono aperti a tutti e mettono insieme chi \nha gi\u00e0 esperienza e chi \u00e8 alle prime armi. Come tutti i progetti open \nsource, WordPress \u00e8 aggiornato e migliorato continuamente da volontari \nsparsi in tutto il mondo che dedicano una parte del proprio tempo a \nquesto progetto.\nOgni contributo conta!<\/p>\n\n\n\n<p>Da rispondere alle domande nel forum di supporto, alla traduzione di \nplugin e temi, fino alla contribuzione del core, ovvero il codice che \nsta sotto il cofano.<\/p>\n\n\n\n<p>Tutti possono dare una mano: sviluppatori, designer, content \nproducer, traduttori, tester, esperti di UX e accessibilit\u00e0, studenti. \nChiunque desideri mettere a disposizione le proprie conoscenze \u00e8 \nbenvenuto!<\/p>\n\n\n\n<p>Il tuo livello di conoscenza di WordPress non fa differenza.<\/p>\n\n\n\n<p>Lo scopo principale del Contributor Day \u00e8 imparare a contribuire a WordPress.<\/p>\n\n\n\n<h2 class=\"wp-block-heading\">Cosa succede durante i Contributor Day<\/h2>\n\n\n\n<p>Al Contributor Day potrai lavorare fianco a fianco con persone  provenienti dall\u2019Italia e dall\u2019estero, fare amicizia, e imparare: sar\u00e0  una giornata ricca di nuove esperienze. Se non hai mai contribuito prima e hai voglia di iniziare, questo \u00e8 il  momento giusto!<br><strong><a href=\"https:\/\/2019.milano.wordcamp.org\/2019\/11\/14\/cosa-faremo-al-contributor-day-what-we-will-do-at-contributor-day\/\">Qui puoi trovare maggiori informazioni su cosa faremo a Milano.<\/a><\/strong><\/p>\n\n\n\n<h2 class=\"wp-block-heading\">I Team<\/h2>\n\n\n\n<p>Il progetto WordPress.org \u00e8 portato avanti da <a href=\"https:\/\/make.wordpress.org\/\">18 gruppi di lavoro principali<\/a>. All\u2019evento parteciperanno membri gi\u00e0 attivi della comunit\u00e0 che ti aiuteranno a orientarti.<\/p>\n\n\n\n<p>I gruppi saranno organizzati al mattino in base a competenze,  richieste e disponibilit\u00e0. Non ci sono regole fisse: durante la giornata  si pu\u00f2 anche cambiare gruppo di lavoro.<\/p>\n\n\n\n<h2 class=\"wp-block-heading\">Cosa Portare<\/h2>\n\n\n\n<p>Ingredienti fondamentali:<\/p>\n\n\n\n<ul class=\"wp-block-list\"><li>La voglia di imparare e contribuire a rendere WordPress migliore per tutti!<\/li><li>Il tuo computer, \u00e8 necessario per quasi tutti i team.<\/li><li>Il caricabatterie!<\/li><li>Se ti piace prendere appunti sulla carta porta anche un quaderno e penne.<\/li><li>E perch\u00e9 no? Biglietti da visita per restare in contatto con tutte le nuove persone che conoscerai a Milano!<\/li><\/ul>\n\n\n\n<p>Prima del 22 novembre ti consigliamo di:<\/p>\n\n\n\n<ul class=\"wp-block-list\"><li>Aprire un account WordPress.org, se non ne hai gi\u00e0 uno.<\/li><li>Fare un giro su Make WordPress per sapere qualcosa di pi\u00f9 sui team.<\/li><\/ul>\n\n\n\n<h2 class=\"wp-block-heading\">Location Orario e Data<\/h2>\n\n\n\n<p>Il Contributor Day si terr\u00e0 venerd\u00ec 22 novembre dalle 8.30 alle 17.30.<\/p>\n\n\n\n<p>La venue del Contributor Day \u00e8 <a href=\"https:\/\/talentgarden.org\/it\/campus\/italia\/milano-merano\/\">Talent Garden Milano Merano<\/a>&nbsp;\u2013&nbsp;Via Merano, 16, 20127 Milano MI.<\/p>\n\n\n\n<h2 class=\"wp-block-heading\"><a href=\"https:\/\/github.com\/WP-Italia-Community\/how-to\/blob\/master\/wordcamp\/testi-siti-wordcamp\/cos-e-il-contributor-day.md#faq\"><\/a><\/h2>\n\n\n\n<h2 class=\"wp-block-heading\">FAQ<\/h2>\n\n\n\n<h4 class=\"wp-block-heading\"><a href=\"https:\/\/github.com\/WP-Italia-Community\/how-to\/blob\/master\/wordcamp\/testi-siti-wordcamp\/cos-e-il-contributor-day.md#\u00e8-necessario-sapere-linglese\"><\/a><\/h4>\n\n\n\n<h4 class=\"wp-block-heading\">\u00c8 necessario sapere l\u2019inglese?<\/h4>\n\n\n\n<p>No. Ma una conoscenza base, anche scolastica, aiuta a interagire con \ngli altri partecipanti, nella lettura di istruzioni, documentazione, \necc\u2026<\/p>\n\n\n\n<h4 class=\"wp-block-heading\"><a href=\"https:\/\/github.com\/WP-Italia-Community\/how-to\/blob\/master\/wordcamp\/testi-siti-wordcamp\/cos-e-il-contributor-day.md#voglio-venire-solo-al-contributor-day-e-non-alla-conferenza-posso\"><\/a><\/h4>\n\n\n\n<h4 class=\"wp-block-heading\">Voglio venire solo al Contributor Day e non alla conferenza. Posso?<\/h4>\n\n\n\n<p>S\u00ec. Acquista il biglietto: i tuoi 20 Euro aiuteranno a rendere  WordCamp e il Contributor Day piacevoli per tutti. Mandaci poi una mail  per dire che sabato non puoi venire, cos\u00ec non ti contiamo. Grazie per il  supporto!<\/p>\n\n\n\n<h4 class=\"wp-block-heading\"><a href=\"https:\/\/github.com\/WP-Italia-Community\/how-to\/blob\/master\/wordcamp\/testi-siti-wordcamp\/cos-e-il-contributor-day.md#interessante-come-posso-partecipare\"><\/a><\/h4>\n\n\n\n<h4 class=\"wp-block-heading\">Interessante! Come posso partecipare?<\/h4>\n\n\n\n<p>Basta iscriversi ed acquistare un biglietto! Non perdere l\u2019opportunit\u00e0 di contribuire, imparare e divertirti!<\/p>\n\n\n\n<h2 class=\"wp-block-heading\" id=\"en\">English<\/h2>\n\n\n\n<h2 class=\"wp-block-heading\"> What is the Contributor Day? <\/h2>\n\n\n\n<p>Contributor Day is a day of work in a group, led by expert contributors, dedicated to the different areas that make up WordPress. The working groups are open to all and bring together those who are already experienced and those who are beginners. Like all open source projects, WordPress is updated and continuously improved by volunteers around the world who dedicate a portion of their time to this project. Every contribution counts!<\/p>\n\n\n\n<p>To answer the questions in the support forum, to the translation of plugins and themes, up to the contribution of the core, or the code that is under the hood.<\/p>\n\n\n\n<p>Everyone can help: developers, designers, content producers, translators, testers, UX experts and accessibility, students. Anyone wishing to make their knowledge available is welcome!<\/p>\n\n\n\n<p>Your level of WordPress knowledge makes no difference.<\/p>\n\n\n\n<p>The main purpose of Contributor Day is to learn how to contribute to WordPress.\n\n<\/p>\n\n\n\n<h2 class=\"wp-block-heading\"> What happens during Contributor Day<\/h2>\n\n\n\n<p>At the Contributor Day you can work side by side with people from Italy and abroad, make friends, and learn: it will be a day full of new experiences. If you&#8217;ve never contributed before and you want to get started, this is the right time!<br><strong><a href=\"https:\/\/2019.milano.wordcamp.org\/2019\/11\/14\/cosa-faremo-al-contributor-day-what-we-will-do-at-contributor-day\/\">Here you can find more information on what we will do in Milan.<\/a><\/strong><\/p>\n\n\n\n<h2 class=\"wp-block-heading\">The teams<\/h2>\n\n\n\n<p> Key ingredients:<\/p>\n\n\n\n<ul class=\"wp-block-list\"><li> The desire to learn and help make WordPress better for everyone!<\/li><li>Your computer is necessary for almost all teams.<\/li><li>The charger!<\/li><li> If you like to take notes on paper it also carries a notebook and pens.<\/li><li> Why not? Business cards to keep in touch with all the new people you will meet in Milan! <\/li><\/ul>\n\n\n\n<p> Before November 22nd we recommend: <\/p>\n\n\n\n<ul class=\"wp-block-list\"><li> Open a WordPress.org account, if you don&#8217;t already have one.<\/li><li>Take a ride on Make WordPress to learn more about the teams. <\/li><\/ul>\n\n\n\n<h2 class=\"wp-block-heading\"> Location Time and Date <\/h2>\n\n\n\n<p>The Contributor Day will be held on Friday 22 November from 8.30am to 5.30pm.<\/p>\n\n\n\n<p> The Contributor Day venue is <a href=\"https:\/\/talentgarden.org\/it\/campus\/italia\/milano-merano\/\">Talent Garden Milano Merano<\/a>&nbsp;\u2013&nbsp;Via Merano, 16, 20127 Milano MI. <\/p>\n\n\n\n<h2 class=\"wp-block-heading\"> FAQ <\/h2>\n\n\n\n<h4 class=\"wp-block-heading\">I only want to come to Contributor Day and not to the conference. I can? <\/h4>\n\n\n\n<p>Yes. Buy the ticket: your 20 Euros will help make WordCamp and the Contributor Day enjoyable for everyone. Then send us an email to say that you can&#8217;t come on Saturday, so we don&#8217;t count you. Thanks for the support!<\/p>\n\n\n\n<h4 class=\"wp-block-heading\">Interesting! How can I participate?<\/h4>\n\n\n\n<p>Just sign up and buy a ticket! Don&#8217;t miss the opportunity to contribute, learn and have fun!<\/p>\n","protected":false},"excerpt":{"rendered":"<p>Il Contributor Day \u00e8 una giornata di lavoro in gruppo, guidata da contributor esperti, dedicata alle diverse aree che compongono WordPress. I gruppi di lavoro sono aperti a tutti e mettono insieme chi ha gi\u00e0 esperienza e chi \u00e8 alle prime armi. Come tutti i progetti open source, WordPress \u00e8 aggiornato e migliorato continuamente da &hellip; <a href=\"https:\/\/milano.wordcamp.org\/2019\/cose-il-contributor-day\/\" class=\"more-link\">Leggi tutto<span class=\"screen-reader-text\"> &#8220;Cos\u2019\u00e8 il Contributor Day?&#8221;<\/span><\/a><\/p>\n","protected":false},"author":14937674,"featured_media":0,"parent":0,"menu_order":0,"comment_status":"closed","ping_status":"closed","template":"","meta":{"jetpack_post_was_ever_published":false,"footnotes":""},"class_list":["post-147","page","type-page","status-publish","hentry"],"jetpack_shortlink":"https:\/\/wp.me\/PaQajJ-2n","jetpack_likes_enabled":true,"jetpack_sharing_enabled":true,"_links":{"self":[{"href":"https:\/\/milano.wordcamp.org\/2019\/wp-json\/wp\/v2\/pages\/147","targetHints":{"allow":["GET"]}}],"collection":[{"href":"https:\/\/milano.wordcamp.org\/2019\/wp-json\/wp\/v2\/pages"}],"about":[{"href":"https:\/\/milano.wordcamp.org\/2019\/wp-json\/wp\/v2\/types\/page"}],"author":[{"embeddable":true,"href":"https:\/\/milano.wordcamp.org\/2019\/wp-json\/wp\/v2\/users\/14937674"}],"replies":[{"embeddable":true,"href":"https:\/\/milano.wordcamp.org\/2019\/wp-json\/wp\/v2\/comments?post=147"}],"version-history":[{"count":10,"href":"https:\/\/milano.wordcamp.org\/2019\/wp-json\/wp\/v2\/pages\/147\/revisions"}],"predecessor-version":[{"id":4186,"href":"https:\/\/milano.wordcamp.org\/2019\/wp-json\/wp\/v2\/pages\/147\/revisions\/4186"}],"wp:attachment":[{"href":"https:\/\/milano.wordcamp.org\/2019\/wp-json\/wp\/v2\/media?parent=147"}],"curies":[{"name":"wp","href":"https:\/\/api.w.org\/{rel}","templated":true}]}}