{"id":11,"date":"2019-03-22T13:27:07","date_gmt":"2019-03-22T13:27:07","guid":{"rendered":"https:\/\/2019.milano.wordcamp.org\/location\/"},"modified":"2019-08-05T07:49:22","modified_gmt":"2019-08-05T07:49:22","slug":"location","status":"publish","type":"page","link":"https:\/\/milano.wordcamp.org\/2019\/location\/","title":{"rendered":"Location"},"content":{"rendered":"\n<p><em>Italian text is followed by <a href=\"#en\">English<\/a><\/em><\/p>\n\n\n\n<p>WordCamp Milano 2019 si terr\u00e0 il <strong>22 <\/strong>e<strong> 23 novembre 2019<\/strong>.<\/p>\n\n\n\n<p>Sabato 23 novembre la <strong>conferenza <\/strong>si terr\u00e0 presso l&#8217;<strong>Universit\u00e0 degli Studi Milano-Bicocca<\/strong>, edificio 6, in Piazza dell&#8217;Ateneo Nuovo 1, 20126 Milano.<\/p>\n\n\n\n<p>Venerd\u00ec 22 novembre, invece, il <strong>Contributor Day <\/strong>presso&nbsp;<strong>Talent Garden Milano &#8211; Merano.<\/strong><\/p>\n\n\n<div class=\"googlemaps\">\n\t\t\t\t<iframe loading=\"lazy\" width=\"640\" height=\"480\" frameborder=\"0\" scrolling=\"no\" marginheight=\"0\" marginwidth=\"0\"  src=\"https:\/\/www.google.com\/maps\/d\/embed?mid=1ogQqeTbFjs_UJT0Y4pNJxMZjc7GTQLn5&#038;hl=it\"><\/iframe>\n\t\t\t<\/div>\n\n\n\n<h2 class=\"wp-block-heading\">Come raggiungerci sabato 23 novembre<\/h2>\n\n\n\n<p>Raggiungere l\u2019Universit\u00e0 Bicocca \u00e8 semplicissimo e puoi farlo in molteplici modi:<\/p>\n\n\n\n<ul class=\"wp-block-list\"><li>con la metropolitana M5 (fermata Bicocca)<\/li><li>con il passante ferroviario (fermata Milano Greco-Pirelli)<\/li><li>con la linea 7 del tram (fermata Arcimboldi)<\/li><li>con diversi autobus (linea 87, 51, 728, 81 e 86)<\/li><\/ul>\n\n\n\n<h2 class=\"wp-block-heading\">Come raggiungerci venerd\u00ec 22 novembre<\/h2>\n\n\n\n<ul class=\"wp-block-list\"><li>con la metropolitana M1 (fermata Rovereto)<\/li><\/ul>\n\n\n\n<h2 class=\"wp-block-heading\" id=\"en\">English<\/h2>\n\n\n\n<p>WordCamp Milano 2019 will be <strong>the 22nd and 23rd of November<\/strong>. Saturday the 23rd of November, the <strong>Conference<\/strong> will be held at <strong>Universit\u00e0 degli Studi Milano-Bicocca<\/strong>, building 6, Piazza dell&#8217;Ateneo Nuovo 1, 20126 Milano. Friday the 22nd of November, the<strong> Contributor Day<\/strong> will be held at <strong>Talent Garden Milano &#8211; Merano<\/strong>. <\/p>\n\n\n<div class=\"googlemaps\">\n\t\t\t\t<iframe loading=\"lazy\" width=\"640\" height=\"480\" frameborder=\"0\" scrolling=\"no\" marginheight=\"0\" marginwidth=\"0\"  src=\"https:\/\/www.google.com\/maps\/d\/embed?mid=1ogQqeTbFjs_UJT0Y4pNJxMZjc7GTQLn5&#038;hl=en\"><\/iframe>\n\t\t\t<\/div>\n\n\n\n<h2 class=\"wp-block-heading\">Saturday the 23rd of November<\/h2>\n\n\n\n<p>\nYou can reach Bicocca University:\n<\/p>\n\n\n\n<ul class=\"wp-block-list\"><li>by M5 line 5 metro (Bicocca stop)<\/li><li>by train, on the railway l (Milano Greco-Pirelli stop)<\/li><li>by tram, line 7 (Arcimboldi stop)<\/li><li>by buses (several lines reach there: line 87, 51, 728, 81 and 86)<\/li><\/ul>\n\n\n\n<h2 class=\"wp-block-heading\">Friday the 22nd of November<\/h2>\n\n\n\n<p>\nYou can reach Talent Garden Milano &#8211; Merano with underground M1 (Rovereto stop).\n\n&nbsp;\n\n<\/p>\n","protected":false},"excerpt":{"rendered":"<p>Italian text is followed by English WordCamp Milano 2019 si terr\u00e0 il 22 e 23 novembre 2019. Sabato 23 novembre la conferenza si terr\u00e0 presso l&#8217;Universit\u00e0 degli Studi Milano-Bicocca, edificio 6, in Piazza dell&#8217;Ateneo Nuovo 1, 20126 Milano. Venerd\u00ec 22 novembre, invece, il Contributor Day presso&nbsp;Talent Garden Milano &#8211; Merano. Come raggiungerci sabato 23 novembre &hellip; <a href=\"https:\/\/milano.wordcamp.org\/2019\/location\/\" class=\"more-link\">Leggi tutto<span class=\"screen-reader-text\"> &#8220;Location&#8221;<\/span><\/a><\/p>\n","protected":false},"author":6014911,"featured_media":335,"parent":0,"menu_order":0,"comment_status":"closed","ping_status":"closed","template":"","meta":{"jetpack_post_was_ever_published":false,"footnotes":""},"class_list":["post-11","page","type-page","status-publish","has-post-thumbnail","hentry"],"jetpack_shortlink":"https:\/\/wp.me\/PaQajJ-b","jetpack_likes_enabled":true,"jetpack_sharing_enabled":true,"_links":{"self":[{"href":"https:\/\/milano.wordcamp.org\/2019\/wp-json\/wp\/v2\/pages\/11","targetHints":{"allow":["GET"]}}],"collection":[{"href":"https:\/\/milano.wordcamp.org\/2019\/wp-json\/wp\/v2\/pages"}],"about":[{"href":"https:\/\/milano.wordcamp.org\/2019\/wp-json\/wp\/v2\/types\/page"}],"author":[{"embeddable":true,"href":"https:\/\/milano.wordcamp.org\/2019\/wp-json\/wp\/v2\/users\/6014911"}],"replies":[{"embeddable":true,"href":"https:\/\/milano.wordcamp.org\/2019\/wp-json\/wp\/v2\/comments?post=11"}],"version-history":[{"count":10,"href":"https:\/\/milano.wordcamp.org\/2019\/wp-json\/wp\/v2\/pages\/11\/revisions"}],"predecessor-version":[{"id":446,"href":"https:\/\/milano.wordcamp.org\/2019\/wp-json\/wp\/v2\/pages\/11\/revisions\/446"}],"wp:featuredmedia":[{"embeddable":true,"href":"https:\/\/milano.wordcamp.org\/2019\/wp-json\/wp\/v2\/media\/335"}],"wp:attachment":[{"href":"https:\/\/milano.wordcamp.org\/2019\/wp-json\/wp\/v2\/media?parent=11"}],"curies":[{"name":"wp","href":"https:\/\/api.w.org\/{rel}","templated":true}]}}