{"id":11,"date":"2018-04-25T10:15:36","date_gmt":"2018-04-25T10:15:36","guid":{"rendered":"https:\/\/2018.milano.wordcamp.org\/location\/"},"modified":"2018-07-24T15:27:02","modified_gmt":"2018-07-24T15:27:02","slug":"location","status":"publish","type":"page","link":"https:\/\/milano.wordcamp.org\/2018\/location\/","title":{"rendered":"Location"},"content":{"rendered":"<p class=\"note\" lang=\"en\"><em>Italian text is followed by <a href=\"#en\">English<\/a><\/em><\/p>\n<p>WordCamp Milano 2018 si terr\u00e0 il <strong>16 <\/strong>e<strong> 17 novembre 2018<\/strong>.<\/p>\n<p>Sabato 17 novembre la <strong>conferenza <\/strong>si terr\u00e0 presso l&#8217;<strong>Universit\u00e0 degli Studi Milano-Bicocca<\/strong>, edificio 6, in Piazza dell&#8217;Ateneo Nuovo 1, 20126 Milano.<\/p>\n<p>Venerd\u00ec 16 novembre, invece, il <strong>Contributor Day <\/strong>presso\u00a0<strong>Talent Garden Milano &#8211; Merano.<\/strong><\/p>\n<div class=\"googlemaps\">\n\t\t\t\t<iframe loading=\"lazy\" width=\"640\" height=\"480\" frameborder=\"0\" scrolling=\"no\" marginheight=\"0\" marginwidth=\"0\"  src=\"https:\/\/www.google.com\/maps\/d\/embed?mid=1Cj38EFTKHkI1X5G-ZuDWwkJSNBbKXNry\"><\/iframe>\n\t\t\t<\/div>\n<h2>Come raggiungerci sabato 17 novembre<\/h2>\n<p>Raggiungere l\u2019Universit\u00e0 Bicocca \u00e8 semplicissimo e puoi farlo in molteplici modi:<\/p>\n<ul>\n<li>con la metropolitana M5 (fermata Bicocca)<\/li>\n<li>con il passante ferroviario (fermata Milano Greco-Pirelli)<\/li>\n<li>con la linea 7 del tram (fermata Arcimboldi)<\/li>\n<li>con diversi autobus (linea 87, 51, 728, 81 e 86)<\/li>\n<\/ul>\n<h2>Come raggiungerci venerd\u00ec 16 novembre<\/h2>\n<ul>\n<li>con la metropolitana M1 (fermata Rovereto)<\/li>\n<\/ul>\n<div lang=\"en\">\n<h2 id=\"en\" class=\"divider\">English<\/h2>\n<p>WordCamp Milano 2018 will be <strong>November, 16th and 17th<\/strong>.<\/p>\n<p>Saturday, the 17th of November, the <strong>Conference<\/strong> will be held at <strong>Universit\u00e0 degli Studi Milano-Bicocca<\/strong>, building 6, Piazza dell&#8217;Ateneo Nuovo 1, 20126 Milano.<\/p>\n<p>Venerd\u00ec, the 16th of November, the<strong> Contributor Day<\/strong> will be held at <strong>Talent Garden Milano &#8211; Merano<\/strong>.<\/p>\n<div class=\"googlemaps\">\n\t\t\t\t<iframe loading=\"lazy\" width=\"640\" height=\"480\" frameborder=\"0\" scrolling=\"no\" marginheight=\"0\" marginwidth=\"0\"  src=\"https:\/\/www.google.com\/maps\/d\/embed?mid=1Cj38EFTKHkI1X5G-ZuDWwkJSNBbKXNry\"><\/iframe>\n\t\t\t<\/div>\n<h2>Saturday, 17th of November<\/h2>\n<p>You can reach Bicocca University:<\/p>\n<ul>\n<li>by M5 line 5 metro (Bicocca stop)<\/li>\n<li>by train, on the railway l (Milano Greco-Pirelli stop)<\/li>\n<li>by tram, line 7 (Arcimboldi stop)<\/li>\n<li>by buses (several lines reach there: line 87, 51, 728, 81 and 86)<\/li>\n<\/ul>\n<h2>Friday, 16th of November<\/h2>\n<p>You can reach Talent Garden Milano &#8211; Merano with underground M1 (Rovereto stop).<\/p>\n<p>&nbsp;<\/p>\n<\/div>\n","protected":false},"excerpt":{"rendered":"<p>Italian text is followed by English WordCamp Milano 2018 si terr\u00e0 il 16 e 17 novembre 2018. Sabato 17 novembre la conferenza si terr\u00e0 presso l&#8217;Universit\u00e0 degli Studi Milano-Bicocca, edificio 6, in Piazza dell&#8217;Ateneo Nuovo 1, 20126 Milano. Venerd\u00ec 16 novembre, invece, il Contributor Day presso\u00a0Talent Garden Milano &#8211; Merano. Come raggiungerci sabato 17 novembre &hellip; <a href=\"https:\/\/milano.wordcamp.org\/2018\/location\/\" class=\"more-link\">Leggi tutto<span class=\"screen-reader-text\"> &#8220;Location&#8221;<\/span><\/a><\/p>\n","protected":false},"author":6014911,"featured_media":0,"parent":0,"menu_order":0,"comment_status":"closed","ping_status":"closed","template":"","meta":{"jetpack_post_was_ever_published":false,"footnotes":""},"class_list":["post-11","page","type-page","status-publish","hentry"],"jetpack_shortlink":"https:\/\/wp.me\/P9RJ8n-b","jetpack_sharing_enabled":true,"jetpack_likes_enabled":true,"_links":{"self":[{"href":"https:\/\/milano.wordcamp.org\/2018\/wp-json\/wp\/v2\/pages\/11","targetHints":{"allow":["GET"]}}],"collection":[{"href":"https:\/\/milano.wordcamp.org\/2018\/wp-json\/wp\/v2\/pages"}],"about":[{"href":"https:\/\/milano.wordcamp.org\/2018\/wp-json\/wp\/v2\/types\/page"}],"author":[{"embeddable":true,"href":"https:\/\/milano.wordcamp.org\/2018\/wp-json\/wp\/v2\/users\/6014911"}],"replies":[{"embeddable":true,"href":"https:\/\/milano.wordcamp.org\/2018\/wp-json\/wp\/v2\/comments?post=11"}],"version-history":[{"count":7,"href":"https:\/\/milano.wordcamp.org\/2018\/wp-json\/wp\/v2\/pages\/11\/revisions"}],"predecessor-version":[{"id":323,"href":"https:\/\/milano.wordcamp.org\/2018\/wp-json\/wp\/v2\/pages\/11\/revisions\/323"}],"wp:attachment":[{"href":"https:\/\/milano.wordcamp.org\/2018\/wp-json\/wp\/v2\/media?parent=11"}],"curies":[{"name":"wp","href":"https:\/\/api.w.org\/{rel}","templated":true}]}}