{"id":1239,"date":"2016-09-29T21:58:34","date_gmt":"2016-09-29T19:58:34","guid":{"rendered":"http:\/\/2016.milano.wordcamp.org\/?page_id=1239"},"modified":"2017-10-23T09:09:37","modified_gmt":"2017-10-23T09:09:37","slug":"comunicato-stampa","status":"publish","type":"page","link":"https:\/\/milano.wordcamp.org\/2017\/comunicato-stampa\/","title":{"rendered":"Comunicato stampa"},"content":{"rendered":"<h1>Torna a Milano il WordCamp, evento clou per appassionati ed esperti di WordPress<\/h1>\n<h3>Dopo il successo del 2016, di nuovo ospiti presso l&#8217;Universit\u00e0 Bicocca per condividere conoscenze e novit\u00e0 sulla piattaforma di publishing pi\u00f9 amata al mondo. Tecnologie Web, innovazione, comunicazione online e molto altro insieme a ospiti ed esperti di ogni parte d&#8217;Italia e del mondo<\/h3>\n<p><em>Milano, 23 ottobre 2017<\/em> &#8211; Il <strong>18 e 19 novembre<\/strong> torna WordCamp Milano 2017, evento dedicato a <strong>WordPress, la piattaforma di publishing pi\u00f9 usata al mondo<\/strong>, impiegata dal 28,8% dei siti presenti oggi su Internet. L&#8217;evento italiano accoglier\u00e0 ospiti, relatori ed esperti da ogni parte del mondo e proporr\u00e0 19 talk dedicati a Sviluppo Web, SEO, Web Design, Marketing e Business online con WordPress.<\/p>\n<p>WordCamp Milano 2017, grazie alla collaborazione con l\u2019<strong>Universit\u00e0 degli Studi Milano-Bicocca<\/strong>, una delle maggiori universit\u00e0 italiane, e al contributo della Community mondiale che ruota intorno a WordPress, sar\u00e0 un appuntamento di <strong>rilevanza internazionale <\/strong>con iniziative di approfondimento e confronto rivolte a persone di <strong>ogni livello tecnico<\/strong>, dai <strong>programmatori<\/strong> ai <strong>semplici appassionati<\/strong>.<\/p>\n<p>WordCamp Milano 2017 si articola in <strong>due giornate<\/strong>: la principale, <strong>sabato 18 novembre<\/strong>, \u00e8 una <strong>conferenza<\/strong>, organizzata su due track parallele, con interventi di relatori nazionali e internazionali, sia in italiano sia in lingua inglese. I lavori &#8211; che si terranno nell&#8217;Edificio U6 dell\u2019Universit\u00e0 degli Studi Milano-Bicocca &#8211; inizieranno alle 9.15 e termineranno alle 18.20.<\/p>\n<p><strong>Domenica<\/strong> <strong>19 novembre<\/strong>, invece, si terr\u00e0 il <strong>Contributor Day<\/strong>, una giornata di lavoro collettivo e di workshop, dedicata ad approfondimenti e al mantenimento e miglioramento di WordPress. Il Contributor Day inizier\u00e0 alle 10.00 e terminer\u00e0 alle 17.00 e si terr\u00e0 presso\u00a0la sede di\u00a0MotorK Italy, societ\u00e0 Web di Milano.<\/p>\n<p>L&#8217;evento \u00e8 aperto a tutti e si ispira a principi di <strong>inclusivit\u00e0<\/strong>, <strong>libert\u00e0<\/strong> e <strong>democratizzazione della tecnologia<\/strong>, affinch\u00e9 venga usata in maniera aperta e condivisa, per fare crescere Internet e la partecipazione alla comunicazione e informazione online. Sar\u00e0 un&#8217;occasione anche per <strong>incontrare<\/strong> <strong>sponsor tecnici<\/strong> (Internet provider, produttori di software ecc.), <strong>divertirsi <\/strong>durante l&#8217;<em>After Party<\/em> del sabato sera<strong>, trovare assistenza<\/strong> presso un <em>Expert Corner<\/em> e perfino cercare lavoro, consultando una bacheca dei lavori disponibili.<\/p>\n<h4>Perch\u00e9 partecipare?<\/h4>\n<p>Lo spirito che anima l&#8217;evento rappresenta il meglio della <strong>collaborazione<\/strong>, della <strong>filosofia open source<\/strong> e delle potenzialit\u00e0 che le tecnologie Web esprimono nel favorire la <strong>libert\u00e0 di pubblicazione in Rete<\/strong>, l&#8217;<strong>inclusione sociale<\/strong> e l&#8217;<strong>innovazione Hi-tech<\/strong>. Spirito che ben si sposa con la propensione all&#8217;espansione e allo sviluppo tecnologico che caratterizzano la <strong>citt\u00e0 di Milano<\/strong>.<\/p>\n<p>La due giorni milanese dedicata a WordPress permetter\u00e0 di <strong>incontrare esperti<\/strong>, fare <strong>networking<\/strong>, apprendere <strong>novit\u00e0 sulle tecnologie Web<\/strong>, condividere le conoscenze pi\u00f9 avanzate sulla piattaforma e, pi\u00f9 in generale, su Internet. Consentir\u00e0, soprattutto, di ritrovarsi con altri appassionati e <strong>condividere esperienze ed emozioni<\/strong>.<\/p>\n<p>L&#8217;evento \u00e8 un&#8217;occasione speciale per orientarsi anche a livello di percorsi professionali e opportunit\u00e0 di <strong>lavoro nel mondo delle tecnologie<\/strong>, comprendere strategie di business basate su WordPress e <strong>soluzioni avanzate per lo sviluppo d&#8217;impresa<\/strong> e la comunicazione online. Vista la grande diffusione di WordPress, il WordCamp di Milano sar\u00e0 certamente utile per acquisire anche una visione pi\u00f9 ampia sul <strong>futuro delle tecnologie Web<\/strong> e pi\u00f9 in generale sullo sviluppo di Internet.<\/p>\n<h4>Come partecipare?<\/h4>\n<p>Per partecipare a WordCamp Milano 2017 \u00e8 necessario <strong>acquistare un biglietto<\/strong> al costo nominale (a copertura delle spese) <strong>di 20 euro<\/strong>. Il prezzo include un pranzo leggero sia per la giornata di sabato sia, per i volontari che vorranno partecipare al Contributor Day, per quella di domenica.<\/p>\n<p>Grazie alla collaborazione con l&#8217;Universit\u00e0 Bicocca gli <strong>studenti<\/strong> iscritti all&#8217;Ateneo potranno beneficiare, invece, di <strong>ticket omaggio<\/strong> che potranno richiedere alla professoressa Daniela Micucci del dipartimento di Informatica.<\/p>\n<p>In entrambi i casi e per ragioni organizzative <strong>i posti sono limitati<\/strong>: i\u00a0<a href=\"https:\/\/2017.milano.wordcamp.org\/tickets\/\">biglietti si acquistano online<\/a>.<\/p>\n<h4>TEMI SELEZIONATI e UN panel prestigioso di speaker<\/h4>\n<p>WordCamp Milano 2017 prevede l&#8217;intervento di <strong>speaker internazionali<\/strong>, esperti della piattaforma e leader all&#8217;interno della Community mondiale di WordPress.<\/p>\n<p>Gli argomenti trattati coprono uno spettro molto ampio di problematiche\u00a0e includono <strong>talk tecnici<\/strong>, legati a <strong>Sviluppo e Design<\/strong>, come quelli di\u00a0<a href=\"https:\/\/2017.milano.wordcamp.org\/speaker\/luca-tumedei\/\">Luca Tumedei<\/a>, <a href=\"https:\/\/2017.milano.wordcamp.org\/speaker\/emanuel-blagonic\/\">Emanuel Blagonic<\/a>,\u00a0<a href=\"https:\/\/2017.milano.wordcamp.org\/speaker\/mauricio-gelves\/\">Mauricio Gelves<\/a>, <a href=\"https:\/\/2017.milano.wordcamp.org\/speaker\/sergey-biryukov\/\">Sergey Biryukov<\/a>, <a href=\"https:\/\/2017.milano.wordcamp.org\/speaker\/enrico-battocchi\/\">Enrico Battocchi<\/a>,\u00a0<a href=\"https:\/\/2017.milano.wordcamp.org\/speaker\/andreacardinali\/\">Andrea Cardinali<\/a>,\u00a0<a href=\"https:\/\/2017.milano.wordcamp.org\/speaker\/john-blackbourn\/\">John Blackbourn<\/a>, <a href=\"https:\/\/2017.milano.wordcamp.org\/speaker\/giuseppe-mazzapica\/\">Giuseppe Mazzapica<\/a>,\u00a0<a href=\"https:\/\/2017.milano.wordcamp.org\/speaker\/tammielister\/\">Tammie Lister<\/a> ed <a href=\"https:\/\/2017.milano.wordcamp.org\/speaker\/eugenio-petulla\/\">Eugenio Petull\u00e0<\/a>;\u00a0interventi su tematiche di <strong>Business, Marketing e Comunicazione <\/strong>o spunti\u00a0su come usare al meglio la piattaforma e, pi\u00f9 in generale, il Web, offerti da <a href=\"https:\/\/2017.milano.wordcamp.org\/speaker\/francesca-marano\/\">Francesca Marano<\/a>, <a href=\"https:\/\/2017.milano.wordcamp.org\/speaker\/giorgiotrono\/\">Giorgio Trono<\/a>, <a href=\"https:\/\/2017.milano.wordcamp.org\/speaker\/vassilena-valchanova\/\">Vassilena Valchanova<\/a>, <a href=\"https:\/\/2017.milano.wordcamp.org\/speaker\/andreabarghigiani\/\">Andrea Barghigiani<\/a>, <a href=\"https:\/\/2017.milano.wordcamp.org\/speaker\/luca-sartoni\/\">Luca Sartoni<\/a>, <a href=\"https:\/\/2017.milano.wordcamp.org\/speaker\/davide-casali\/\">Davide Casali<\/a>, <a href=\"https:\/\/2017.milano.wordcamp.org\/speaker\/laura-venturini\/\">Laura Venturini<\/a>, <a href=\"https:\/\/2017.milano.wordcamp.org\/speaker\/andrea-paternostro\/\">Andrea Paternostro<\/a> e <a href=\"https:\/\/2017.milano.wordcamp.org\/speaker\/nevenatomovic\/\">Nevena Tomovic<\/a>.<\/p>\n<p>Per maggiori informazioni sui <em>talk<\/em> previsti \u00e8 disponibile un\u00a0<a href=\"https:\/\/2017.milano.wordcamp.org\/schedule\/\">Programma<\/a>\u00a0completo dell&#8217;evento.<\/p>\n<h4>LE location milanesI<\/h4>\n<p>WordCamp Milano 2017 sar\u00e0 ospitato nell&#8217;<strong>Edificio U6<\/strong> del <strong>Campus dell\u2019Universit\u00e0 degli Studi Milano-Bicocca<\/strong>, grazie alla preziosa collaborazione della professoressa Daniela Micucci, del Dipartimento di Informatica Sistemistica e Comunicazione (DISCo) e del Rettorato dell&#8217;Universit\u00e0. Il Contributor Day, invece, sar\u00e0 ospitato dalla societ\u00e0 <strong>MotorK Italia<\/strong>, realt\u00e0 in forte espansione nel business online e gi\u00e0 sede dei MeetUp milanesi dedicati a WordPress.<\/p>\n<h4>Gli organizzatori<\/h4>\n<p>WordCamp Milano 2017, come ogni altro Camp dedicato a WordPress, \u00e8 <a href=\"https:\/\/2017.milano.wordcamp.org\/organizers\/\">organizzato<\/a> da <strong>volontari e persone coinvolte nella Community<\/strong>. Nel team di Milano, guidato da Giustino Borzacchiello, ci sono Andrea Fercia, Dario Banfi, Dennis Ploetner, Giovanni Invernizzi, Giuseppe Mamone, Simona Simionato e Valeria Marolda.<\/p>\n<h3>APPROFONDIMENTI<\/h3>\n<h4>Che cos&#8217;\u00e8 un WordCamp?<\/h4>\n<p>I <strong>WordCamp<\/strong> sono eventi <strong>organizzati in tutto il mondo<\/strong> dalle Community WordPress locali allo scopo di incontrarsi, fare network, discutere, contribuire e divulgare la piattaforma WordPress e i principi dell&#8217;<em>open source <\/em>su cui si basa.<\/p>\n<p>Agli eventi partecipano <strong>persone da tutto il mondo<\/strong>, speaker internazionali ed esperti riconosciuti. In questa occasione <strong>i partecipanti si confrontano su tecnologie<\/strong>, strumenti, servizi e tutto quanto ruota attorno alla piattaforma e, in termini pi\u00f9 allargati, all&#8217;evoluzione delle tecnologie Web.<\/p>\n<p>I WordCamp <strong>non hanno scopo di lucro<\/strong> e sono organizzati e <strong>gestiti unicamente da volontari<\/strong>. Dal 2006 a oggi si sono svolti <strong>oltre 600 WordCamp in tutto il mondo<\/strong>, alcuni dei quali anche in Italia. Nella precedente edizione del WordCamp di Milano sono intervenute oltre 350 persone.<\/p>\n<h4>WordPress: storia e diffusione<\/h4>\n<p>WordPress \u00e8 una piattaforma software di <em>personal publishing<\/em> (detta anche CMS,\u00a0<strong>Content Management System<\/strong>) che, girando lato server, consente la creazione e distribuzione di un sito Internet formato da contenuti testuali o multimediali, facilmente gestibili e aggiornabili in maniera dinamica. \u00c8 sviluppato in linguaggio PHP e poggia su \u00a0database MySQL.<\/p>\n<p>La prima versione di WordPress fu pubblicata il <strong>27 maggio 2003<\/strong> dai fondatori <strong>Matt Mullenweg<\/strong> e Mike Little come rivisitazione tecnica (<em>fork<\/em>)\u00a0del preesistente &#8220;b2\/cafelog&#8221;. Il nome &#8220;WordPress&#8221; fu suggerito da Christine Selleck.<\/p>\n<p>Oggi, secondo <a href=\"https:\/\/w3techs.com\">W3Techs<\/a>, il <strong>28,8% dei siti Web al mondo \u00e8 basato su WordPress<\/strong>, cifra che lo rende in assoluto il <strong>Content Management System pi\u00f9 utilizzato<\/strong>. Tra i soli CMS arriva a quota 59,7%, mentre Joomla, che lo segue per popolarit\u00e0, \u00e8 alla base del 3,2% dei siti Web mondiali.<\/p>\n<p><strong>Ogni giorno, pi\u00f9 di 50.000 siti vengono creati in Rete con WordPress<\/strong> e tra i siti informativi che lo utilizzano ci sono quelli di <em>Fortune<\/em>, <em>New York Times<\/em>, <em>Reuters US<\/em>, <em>Time<\/em>, <em>The Economist<\/em>, <em>Variety<\/em>, <em>The New Yorker<\/em>, <em>TechCrunch<\/em>, <em>People<\/em>. In Italia ne fanno uso, per esempio, siti come <em>Il Post <\/em>o\u00a0<em>Il Fatto Quotidiano<\/em>.<\/p>\n<p>Alla base della <strong>forza di WordPress c\u2019\u00e8 la Community<\/strong>: <strong>migliaia di appassionati<\/strong> in tutto il mondo che dedicano il proprio tempo a creare, mantenere, migliorare e tradurre la piattaforma. Oggi \u00e8 localizzata in <strong>162 lingue<\/strong>! I <strong>plug-in<\/strong> (moduli che estendono le funzionalit\u00e0) disponibili, sia gratuiti sia a pagamento, sono <strong>pi\u00f9 di 45mila<\/strong>.<\/p>\n<p>La <strong>comunit\u00e0 italiana<\/strong> \u00e8 tra le maggiori a livello mondiale e utilizza due modalit\u00e0 di\u00a0incontro per contribuire allo sviluppo e diffondere la piattaforma: gli <strong>incontri locali<\/strong> denominati <a href=\"https:\/\/it.wordpress.org\/meetup\/\">WordPress MeetUp<\/a>, presenti oggi in <strong>25 citt\u00e0<\/strong>, e una piattaforma di comunicazione online (<strong>Slack<\/strong>), animata da oltre 800 utenti in Italia.<\/p>\n<h4>Fonti utili<\/h4>\n<ul>\n<li><a href=\"https:\/\/en.wikipedia.org\/wiki\/WordPress\">WordPress<\/a> (Wikipedia)<\/li>\n<li><a href=\"https:\/\/codex.wordpress.org\/History\">La storia di WordPress<\/a><\/li>\n<li><a href=\"https:\/\/make.wordpress.org\/\">L&#8217;attivit\u00e0 dei Team nella Community di WordPress<\/a><\/li>\n<li><a href=\"https:\/\/make.wordpress.org\/polyglots\/teams\/\">Le traduzioni di WordPress<\/a><\/li>\n<\/ul>\n<h3>CONTATTI<\/h3>\n<ul>\n<li>Sito Web: <a href=\"https:\/\/2016.milano.wordcamp.org\">https:\/\/2017.milano.wordcamp.org<\/a><\/li>\n<li>Twitter handle: @WordCampMIL<\/li>\n<li>Twitter Hashtag: #WCMIL<\/li>\n<li>Pagina Facebook: <a href=\"https:\/\/www.facebook.com\/WordCampMilano\">https:\/\/www.facebook.com\/WordCampMilano<\/a><\/li>\n<li>Informazioni su WordPress: <a href=\"https:\/\/it.wordpress.org\">https:\/\/it.wordpress.org<\/a><\/li>\n<li>Per scrivere al team degli organizzatori: <a href=\"mailto:milano@wordcamp.org\">milano@wordcamp.org<\/a><\/li>\n<\/ul>\n<h4>MATERIALE GRAFICO A DISPOSIZIONE<\/h4>\n<ul>\n<li><a href=\"https:\/\/2017.milano.wordcamp.org\/files\/2016\/09\/wcmil-logo-web.png\">Logo WordCamp Milano 2017<\/a>\u00a0( file .png | 209 x 248 px | 72dpi | trasparente\u00a0)<\/li>\n<li><a href=\"https:\/\/2017.milano.wordcamp.org\/files\/2017\/10\/wcmil-logo-big.png\">Logo WordCamp Milano 2017 &#8211; grande dimensione<\/a> ( file .png | 1000 x 1187 px | 35 x 41 cm | 72dpi | trasparente\u00a0)<\/li>\n<li><a href=\"https:\/\/2017.milano.wordcamp.org\/files\/2017\/10\/wcmil-banner.jpg\">Banner\u00a0WordCamp Milano 2017<\/a> ( file .jpg | 900 x 450 px | 72dpi )<\/li>\n<li><a href=\"https:\/\/2017.milano.wordcamp.org\/files\/2017\/10\/wcmil-banner-big.jpg\">Banner\u00a0WordCamp Milano 2017 &#8211; grande dimensione<\/a> (file .jpg | 1.500 x 500 px | 52 x 17 cm | 72dpi )<\/li>\n<li><a href=\"https:\/\/2017.milano.wordcamp.org\/files\/2017\/10\/wordpress-logo-simplified-rgb.png\">Logo\u00a0WordPress<\/a> ( file .png | 500 x 500 px | 72dpi | trasparente\u00a0) &#8211; Altri loghi <a href=\"https:\/\/wordpress.org\/about\/logos\/\">qui<\/a>.<\/li>\n<\/ul>\n<h4>COMUNICATO IN FORMATO .PDF<\/h4>\n<p>Scarica il Comunicato Stampa: &#8220;<a href=\"https:\/\/2017.milano.wordcamp.org\/files\/2016\/09\/CS_WordCamp_Milano_2017.pdf\" target=\"_blank\" rel=\"noopener\">Torna a Milano il WordCamp, evento clou per appassionati ed esperti di WordPress<\/a>&#8221; (documento in formato .PDF)<\/p>\n<h4>Contatti per la Stampa<\/h4>\n<p>Dario Banfi &#8211; Cell. 3289188160<\/p>\n","protected":false},"excerpt":{"rendered":"<p>Torna a Milano il WordCamp, evento clou per appassionati ed esperti di WordPress Dopo il successo del 2016, di nuovo ospiti presso l&#8217;Universit\u00e0 Bicocca per condividere conoscenze e novit\u00e0 sulla piattaforma di publishing pi\u00f9 amata al mondo. Tecnologie Web, innovazione, comunicazione online e molto altro insieme a ospiti ed esperti di ogni parte d&#8217;Italia e &hellip; <a href=\"https:\/\/milano.wordcamp.org\/2017\/comunicato-stampa\/\" class=\"more-link\">Leggi tutto<span class=\"screen-reader-text\"> &#8220;Comunicato stampa&#8221;<\/span><\/a><\/p>\n","protected":false},"author":14858070,"featured_media":3160,"parent":0,"menu_order":0,"comment_status":"closed","ping_status":"closed","template":"","meta":{"jetpack_post_was_ever_published":false,"footnotes":""},"class_list":["post-1239","page","type-page","status-publish","has-post-thumbnail","hentry"],"jetpack_sharing_enabled":true,"jetpack_shortlink":"https:\/\/wp.me\/P8HvBt-jZ","_links":{"self":[{"href":"https:\/\/milano.wordcamp.org\/2017\/wp-json\/wp\/v2\/pages\/1239","targetHints":{"allow":["GET"]}}],"collection":[{"href":"https:\/\/milano.wordcamp.org\/2017\/wp-json\/wp\/v2\/pages"}],"about":[{"href":"https:\/\/milano.wordcamp.org\/2017\/wp-json\/wp\/v2\/types\/page"}],"author":[{"embeddable":true,"href":"https:\/\/milano.wordcamp.org\/2017\/wp-json\/wp\/v2\/users\/14858070"}],"replies":[{"embeddable":true,"href":"https:\/\/milano.wordcamp.org\/2017\/wp-json\/wp\/v2\/comments?post=1239"}],"version-history":[{"count":31,"href":"https:\/\/milano.wordcamp.org\/2017\/wp-json\/wp\/v2\/pages\/1239\/revisions"}],"predecessor-version":[{"id":3173,"href":"https:\/\/milano.wordcamp.org\/2017\/wp-json\/wp\/v2\/pages\/1239\/revisions\/3173"}],"wp:featuredmedia":[{"embeddable":true,"href":"https:\/\/milano.wordcamp.org\/2017\/wp-json\/wp\/v2\/media\/3160"}],"wp:attachment":[{"href":"https:\/\/milano.wordcamp.org\/2017\/wp-json\/wp\/v2\/media?parent=1239"}],"curies":[{"name":"wp","href":"https:\/\/api.w.org\/{rel}","templated":true}]}}