{"id":16,"date":"2016-07-10T19:21:52","date_gmt":"2016-07-10T17:21:52","guid":{"rendered":"http:\/\/2016.milano.wordcamp.org\/?page_id=16"},"modified":"2016-07-26T18:39:00","modified_gmt":"2016-07-26T16:39:00","slug":"organizers","status":"publish","type":"page","link":"https:\/\/milano.wordcamp.org\/2016\/organizers\/","title":{"rendered":"Organizers"},"content":{"rendered":"\t<div class=\"wcorg-organizers\">\n\n\t\t\n\t\t\t<div class=\"wcorg-organizer\">\n\t\t\t\t<h2>Andrea Fercia<\/h2>\n\t\t\t\t<div class=\"wcorg-organizer-description\">\n\t\t\t\t\t\t\t\t\t\t<img alt='' src='https:\/\/secure.gravatar.com\/avatar\/d4a9030af1155be2e38a35fd3ef25cf784bf3a56bbc0553afddd861f07006152?s=100&#038;d=mm&#038;r=g' srcset='https:\/\/secure.gravatar.com\/avatar\/d4a9030af1155be2e38a35fd3ef25cf784bf3a56bbc0553afddd861f07006152?s=200&#038;d=mm&#038;r=g 2x' class='avatar avatar-100 photo' height='100' width='100' \/>\t\t\t\t\t<h3>Contributor Day<\/h3>\n<p>Nato e cresciuto a Roma, in trasferta a Milano da 14 anni. Ho iniziato a occuparmi di Internet quando Gmail non esisteva, Netscape Navigator regnava incontrastato, i siti web erano costruiti utilizzando tabelle per il layout e PHP significava ancora \u201cPersonal Home Page\u201d.<br \/>\nL\u2019interesse per le piattaforme di pubblicazione di contenuti web e per l\u2019Open Source in generale mi ha spinto a cercare di fare del mio meglio per contribuire, nel mio tempo libero, allo sviluppo di WordPress. Un paio di anni fa ho scritto la mia prima patch. Oggi sono uno dei guest core committer di WordPress.<br \/>\nMi occupo di accessibilit\u00e0 dei contenuti web dal 2004 e quindi per me \u00e8 stato naturale iniziare a contribuire principalmente nel team di WordPress dedicato all\u2019accessibilit\u00e0. Cerco di dare una mano anche ad altri team, in particolare quelli che si occupano di interfaccia utente e interazione. Scopro bug, soprattutto quelli che io stesso creo. A volte li risolvo.<br \/>\nAl momento collaboro con una fantastica banda di pirati olandesi.<br \/>\nSu Twitter e Slack potete trovarmi come <a class=\"mention\" href=\"https:\/\/wordcampmilano.wordpress.com\/mentions\/afercia\/\"><span class=\"mentions-prefix\">@<\/span>afercia<\/a><\/p>\n\t\t\t\t<\/div>\n\t\t\t<\/div>\n\n\t\t\n\t\t\t<div class=\"wcorg-organizer\">\n\t\t\t\t<h2>Dario Banfi<\/h2>\n\t\t\t\t<div class=\"wcorg-organizer-description\">\n\t\t\t\t\t\t\t\t\t\t<img alt='' src='https:\/\/secure.gravatar.com\/avatar\/38fd72b68b22fc0386a5e932329735e3bcf6f40eea604d1d8dd3df3ce05617b4?s=100&#038;d=mm&#038;r=g' srcset='https:\/\/secure.gravatar.com\/avatar\/38fd72b68b22fc0386a5e932329735e3bcf6f40eea604d1d8dd3df3ce05617b4?s=200&#038;d=mm&#038;r=g 2x' class='avatar avatar-100 photo' height='100' width='100' \/>\t\t\t\t\t<h3>Venue logistics<\/h3>\n<p>Giornalista professionista, copywriter e consulente di comunicazione. Insegna, ogni tanto, in Universit\u00e0 (presso la SISSA, a Trieste) e scrive libri. L\u2019ultimo, \u201cVita da freelance\u201d (Ed.Feltrinelli), racconta, promuove e difende il mondo del lavoro professionale autonomo in Italia. Ha due specializzazioni tematiche nel taschino: una \u00e8 la tecnologia. Ne scrive dal 1996, quando per errore, laureatosi in filosofia, non avendo idea di che lavoro fare, si \u00e8 messo a studiare HTML e Javascript, senza sapere esattamente che cosa fossero. La migliore \u201clanding page\u201d in cui si \u00e8 imbattuto negli anni, nel mare magnum del Web, \u00e8 proprio WordPress. Da questo incontro nacque un libro, nel 2007, \u201cIl mio blog\u201d (Ed. Apogeo), e da allora non l\u2019ha pi\u00f9 abbandonata, contribuendo, con i pochi mezzi di cui dispone, alla sua diffusione e adozione. Avrebbe tranquillamente chiamato i due figli Word e Press, ma per fortuna ha una moglie (si dice) pi\u00f9 saggia di lui.<\/p>\n<p>Su Twitter sono <a class=\"mention\" href=\"https:\/\/wordcampmilano.wordpress.com\/mentions\/dariobanfi\/\"><span class=\"mentions-prefix\">@<\/span>dariobanfi<\/a> e su Slack @thefreelance.<\/p>\n\t\t\t\t<\/div>\n\t\t\t<\/div>\n\n\t\t\n\t\t\t<div class=\"wcorg-organizer\">\n\t\t\t\t<h2>Dennis Ploetner<\/h2>\n\t\t\t\t<div class=\"wcorg-organizer-description\">\n\t\t\t\t\t\t\t\t\t\t<img alt='' src='https:\/\/secure.gravatar.com\/avatar\/64e0feadff7575b1389b5460ceec275d1de1eb16dcc1648e35f5779453de72e0?s=100&#038;d=mm&#038;r=g' srcset='https:\/\/secure.gravatar.com\/avatar\/64e0feadff7575b1389b5460ceec275d1de1eb16dcc1648e35f5779453de72e0?s=200&#038;d=mm&#038;r=g 2x' class='avatar avatar-100 photo' height='100' width='100' \/>\t\t\t\t\t<h3>Volunteers \/ Speakers<\/h3>\n<p>Sono uno sviluppatore con esperienza lavorativa di quasi 20 anni. Attualmente lavoro come Senior WordPress Developer per MotorK\u00a0Italia.<br \/>\nSono di madrelingua tedesca ma vivo da pi\u00f9 di 10 anni in Italia. Ho una grande passione per WordPress e tutto quello che \u00e8 Open Source in generale. Sono molto curioso di conoscere e sperimentare i nuovi trend dello sviluppo per il web e trascorro gran parte del mio tempo libero ad aggiornare, mantenere e supportare i miei plugin WordPress.<br \/>\nSono anche un membro attivo nella comunit\u00e0 locale come co-organizer per i WordPress meetup di Milano. Mi trovate in rete come <a href=\"https:\/\/profiles.wordpress.org\/realloc\/\">@realloc<\/a>.<\/p>\n\t\t\t\t<\/div>\n\t\t\t<\/div>\n\n\t\t\n\t\t\t<div class=\"wcorg-organizer\">\n\t\t\t\t<h2>Fabio Bertoletti<\/h2>\n\t\t\t\t<div class=\"wcorg-organizer-description\">\n\t\t\t\t\t\t\t\t\t\t<img alt='' src='https:\/\/secure.gravatar.com\/avatar\/e90c77653d3fdd02f24b8d60ba160066787467ec6e6a2d0a5515b62f255151f7?s=100&#038;d=mm&#038;r=g' srcset='https:\/\/secure.gravatar.com\/avatar\/e90c77653d3fdd02f24b8d60ba160066787467ec6e6a2d0a5515b62f255151f7?s=200&#038;d=mm&#038;r=g 2x' class='avatar avatar-100 photo' height='100' width='100' \/>\t\t\t\t\t<h3>A\/V<\/h3>\n<p>Sono un giovane appassionato di tecnologia a tutto tondo.<br \/>\nFin da piccolo la tecnologia mi ha sempre incuriosito e a 15 anni sono entrato nel mondo dello spettacolo che mi ha permesso di crescere sotto molti aspetti e coltivare nuove amicizie.<br \/>\nA tutt\u2019oggi realizzo spettacoli ed eventi dove mi occupo della parte tecnica audio, luci e video dove mi posso cimentare in un utilizzo alternativo della tecnologia.<br \/>\nNella vita quotidiana sono uno sviluppatore di applicazioni web e da pochi mesi sono entrato nella community di WordPress che mi ha permesso di scoprire cosa si trova al di l\u00e0 del mero strumento informatico.<\/p>\n\t\t\t\t<\/div>\n\t\t\t<\/div>\n\n\t\t\n\t\t\t<div class=\"wcorg-organizer\">\n\t\t\t\t<h2>Giovanni Invernizzi<\/h2>\n\t\t\t\t<div class=\"wcorg-organizer-description\">\n\t\t\t\t\t\t\t\t\t\t<img alt='' src='https:\/\/secure.gravatar.com\/avatar\/ea8a5fc9e4472451a2e64bdec6dcb0591ff2a4ec42f5b79f2ccd9f9ee5fe5c4a?s=100&#038;d=mm&#038;r=g' srcset='https:\/\/secure.gravatar.com\/avatar\/ea8a5fc9e4472451a2e64bdec6dcb0591ff2a4ec42f5b79f2ccd9f9ee5fe5c4a?s=200&#038;d=mm&#038;r=g 2x' class='avatar avatar-100 photo' height='100' width='100' \/>\t\t\t\t\t<h3>Swag<\/h3>\n<p>Nato e cresciuto a Milano, dopo essermi diplomato al liceo artistico ho scoperto il web e ho iniziato ad interessarmi sia allo sviluppo che al design. Nel 2008, al ritorno da una parentesi lavorativa romana, fondo con tre amici lo Studio <a href=\"https:\/\/href.li\/?http:\/\/www.paperplanefactory.com\/\" rel=\"noreferrer\">Paper Plane Factory<\/a> e in seguito \u2013 con buona pace del design \u2013 mi dedico completamente allo sviluppo e mi appassiono alla piattaforma WordPress.<br \/>\nLa Community WordPress \u00e8 stata una grande risorsa all\u2019inizio e oggi, coltivando lo spirito che la contraddistingue, cerco di fare del mio meglio per contribuire alla sua crescita.<\/p>\n\t\t\t\t<\/div>\n\t\t\t<\/div>\n\n\t\t\n\t\t\t<div class=\"wcorg-organizer\">\n\t\t\t\t<h2>Giuseppe Mamone<\/h2>\n\t\t\t\t<div class=\"wcorg-organizer-description\">\n\t\t\t\t\t\t\t\t\t\t<img alt='' src='https:\/\/secure.gravatar.com\/avatar\/c536fa2fe80c4566e787e2c3d847f268b96a553625fd4c287ee6c69213a275c5?s=100&#038;d=mm&#038;r=g' srcset='https:\/\/secure.gravatar.com\/avatar\/c536fa2fe80c4566e787e2c3d847f268b96a553625fd4c287ee6c69213a275c5?s=200&#038;d=mm&#038;r=g 2x' class='avatar avatar-100 photo' height='100' width='100' \/>\t\t\t\t\t<h3>Design and Website<\/h3>\n<p>Sono un UX Designer e contibuisco alla diffusione di WordPress co-organizzando il meetup di Milano.<br \/>\nRicerco e realizzo interfacce che risolvono problemi agli utenti.<br \/>\nGestisco un fantastico team e il nostro obiettivo \u00e8 quello di far convergere necessit\u00e0 degli utenti ed esigenze di business per facilitare scalabilit\u00e0 ed innovazione di prodotto.<br \/>\nAspirante leader e mentore, attualmente in MotorK aiuto a guidare una crescita aziendale verso mercati internazionali diffondendo una filosofia di design funzionale e iterativo sulla qualit\u00e0.<br \/>\nMaturando esperienza in strategia di design e online business ho aiutato a far crescere alcune interessanti realt\u00e0. Tra queste un famoso food blog che ad oggi vanta migliaia di fan e milioni di visite.<br \/>\nVivo a Torino, lavoro a Milano e imparo dal mondo. Mi trovate in rete come <a href=\"https:\/\/twitter.com\/garusky\">@garusky<\/a>.<\/p>\n\t\t\t\t<\/div>\n\t\t\t<\/div>\n\n\t\t\n\t\t\t<div class=\"wcorg-organizer\">\n\t\t\t\t<h2>Giustino Borzacchiello<\/h2>\n\t\t\t\t<div class=\"wcorg-organizer-description\">\n\t\t\t\t\t\t\t\t\t\t<img alt='' src='https:\/\/secure.gravatar.com\/avatar\/a941b129b16c5d896a5163d8533727252ad093515f3b8143c7e0c004173d6d5f?s=100&#038;d=mm&#038;r=g' srcset='https:\/\/secure.gravatar.com\/avatar\/a941b129b16c5d896a5163d8533727252ad093515f3b8143c7e0c004173d6d5f?s=200&#038;d=mm&#038;r=g 2x' class='avatar avatar-100 photo' height='100' width='100' \/>\t\t\t\t\t<h3>Lead<\/h3>\n<p>Napoletano di nascita, milanese di adozione. Ho cominciato a creare pagine web per gioco e non riesco a ricordare n\u00e9 quando n\u00e9 come \u00e8 diventato un lavoro.<br \/>\nSono abbastanza pignolo, il tipo di persona che invitate a casa per una festa e ritrovate a raddrizzare i quadri del salone.<\/p>\n<p>Nel mio lavoro cerco di dare pi\u00f9 attenzione alle persone che utilizzeranno il software che creo piuttosto che agli strumenti utilizzati; e ragionare sui principi generali piuttosto che sulle specifiche implementazioni.<\/p>\n<p>La condivisione di idee e di conoscenza per me \u00e8 fondamentale, per questo da un anno aiuto il gruppo del WordPress Meetup di Milano a organizzare gli incontri mensili e, quando posso, cerco di dare una mano sul forum nazionale oppure scrivere una patch per il Core di WordPress.<\/p>\n<p>Mi potete trovare un po\u2019 dappertutto sotto il nickname <a class=\"mention\" href=\"https:\/\/wordcampmilano.wordpress.com\/mentions\/jubstuff\/\"><span class=\"mentions-prefix\">@<\/span>jubstuff<\/a>.<\/p>\n\t\t\t\t<\/div>\n\t\t\t<\/div>\n\n\t\t\n\t\t\t<div class=\"wcorg-organizer\">\n\t\t\t\t<h2>Raffaella Isidori<\/h2>\n\t\t\t\t<div class=\"wcorg-organizer-description\">\n\t\t\t\t\t\t\t\t\t\t<img alt='' src='https:\/\/secure.gravatar.com\/avatar\/5911b95a70de99bf3092173f629ed2012f17477da935232df3b3babf92237c1d?s=100&#038;d=mm&#038;r=g' srcset='https:\/\/secure.gravatar.com\/avatar\/5911b95a70de99bf3092173f629ed2012f17477da935232df3b3babf92237c1d?s=200&#038;d=mm&#038;r=g 2x' class='avatar avatar-100 photo' height='100' width='100' \/>\t\t\t\t\t<h3>Content \/ Social \/ Communication<\/h3>\n<p>Direttore creativo, coach e consulente, mi occupo di design e di comunicazione da oltre 30 anni.<br \/>\nNata a New York, sono cresciuta tra la campagna umbra e i grattacieli della Grande Mela. Dopo un passato di agenzie (McCann, NY; Armando Testa e Barabino &amp; Partners, Milano) ho scelto \u2013 20 anni fa \u2013 di lavorare direttamente con i clienti, fondando il mio studio di consulenza: <a href=\"http:\/\/www.thesign.it\" target=\"_blank\" rel=\"noreferrer\">Raffaella Isidori Thesign<\/a>. Oggi creo brand e disegno la comunicazione per aziende in tutto il mondo. E poi studio, insegno, faccio foto, scrivo e traduco.<br \/>\nCuriosa come un gatto e appassionata di diversit\u00e0, colleziono libri, font e oli essenziali; vivo e lavoro circondata da flora e fauna nell\u2019hinterland milanese, e coltivo sogni e mindfulness. Online, sono <a href=\"http:\/\/twitter.com\/zetaraffix\">@zetaraffix<\/a>.<\/p>\n\t\t\t\t<\/div>\n\t\t\t<\/div>\n\n\t\t\n\t\t\t<div class=\"wcorg-organizer\">\n\t\t\t\t<h2>Simona Simionato<\/h2>\n\t\t\t\t<div class=\"wcorg-organizer-description\">\n\t\t\t\t\t\t\t\t\t\t<img alt='' src='https:\/\/secure.gravatar.com\/avatar\/37ccc4b5831b1247a3872e97e21715748c3044cf58f4f4be8ae717c89f981f64?s=100&#038;d=mm&#038;r=g' srcset='https:\/\/secure.gravatar.com\/avatar\/37ccc4b5831b1247a3872e97e21715748c3044cf58f4f4be8ae717c89f981f64?s=200&#038;d=mm&#038;r=g 2x' class='avatar avatar-100 photo' height='100' width='100' \/>\t\t\t\t\t<h3>Content \/ Swag \/ Social<\/h3>\n<p>Sono una consulente di marketing, digital mentor, formatrice e coach.<br \/>\nDopo anni in \u201cazienda\u201d ho capito fosse arrivato il momento di realizzare il mio sogno di \u201clavorare da ovunque\u201d e cos\u00ec ho creato il mio \u201cufficio virtuale\u201d. Con una connessione a internet e un portatile a disposizione ho ritrovato la soddisfazione di lavorare con il web per il web.<br \/>\nHo conosciuto WordPress da utente, mi sono appassionata al punto da arrivare a \u201cmetterci le mani\u201d.<br \/>\nDicono che sia la regina del problem solving, la consulente per tutte le necessit\u00e0 e quella con l\u2019idea giusta quando serve.<br \/>\nSono una persona piena di interessi, sempre curiosa, eclettica, il che mi porta a leggere e studiare tante cose.<br \/>\nVivo a Milano da troppo, viaggio comunque troppo poco e la musica\u2026 \u00e8 solo rock.<\/p>\n\t\t\t\t<\/div>\n\t\t\t<\/div>\n\n\t\t\n\t\t\t<div class=\"wcorg-organizer\">\n\t\t\t\t<h2>Stefania Mattana<\/h2>\n\t\t\t\t<div class=\"wcorg-organizer-description\">\n\t\t\t\t\t\t\t\t\t\t<img alt='' src='https:\/\/secure.gravatar.com\/avatar\/bcb89a46ebd083d39c4c985b9d16aac79e499a051d646554756fe2282980fbe9?s=100&#038;d=mm&#038;r=g' srcset='https:\/\/secure.gravatar.com\/avatar\/bcb89a46ebd083d39c4c985b9d16aac79e499a051d646554756fe2282980fbe9?s=200&#038;d=mm&#038;r=g 2x' class='avatar avatar-100 photo' height='100' width='100' \/>\t\t\t\t\t<h3>Sponsor<\/h3>\n<p>Ciao, mi chiamo Stefania, e lavoro per Automattic, dove mi occupo di supporto tecnico curando prodotti come Jetpack, VaultPress, Akismet etc. Fervente evangelista di WordPress, sono attiva all\u2019interno della comunit\u00e0 internazionale, inglese e Italiana.<br \/>\nQuando non sono online o in palestra, mi piace scrivere e pubblicare <a href=\"http:\/\/eraniapinnera.com\">storie di giallo e mistero, sia in italiano che in inglese<\/a>. Adoro i cani perch\u00e9 sono gli animali pi\u00f9 belli del mondo.<br \/>\nAll\u2019interno dell\u2019organizzazione di WordCamp Milano, ho aiutato i ragazzi che si occupano di trovare sponsor per sostenere l\u2019evento.<\/p>\n<p>Mi trovi su Twitter come <a href=\"http:\/\/twitter.com\/stefmattana\">@stefmattana<\/a>, Snapchat stefmattana e Instagram <a href=\"http:\/\/instagram.com\/eraniapinnera\">@eraniapinnera<\/a><\/p>\n\t\t\t\t<\/div>\n\t\t\t<\/div>\n\n\t\t\n\t\t\t<div class=\"wcorg-organizer\">\n\t\t\t\t<h2>Valeria Marolda<\/h2>\n\t\t\t\t<div class=\"wcorg-organizer-description\">\n\t\t\t\t\t\t\t\t\t\t<img alt='' src='https:\/\/secure.gravatar.com\/avatar\/2db708c234aeed65e27bb6a451338ed1cb6311885e46f87e874f305c6cb2a05b?s=100&#038;d=mm&#038;r=g' srcset='https:\/\/secure.gravatar.com\/avatar\/2db708c234aeed65e27bb6a451338ed1cb6311885e46f87e874f305c6cb2a05b?s=200&#038;d=mm&#038;r=g 2x' class='avatar avatar-100 photo' height='100' width='100' \/>\t\t\t\t\t<h3>Food\/beverage \/ Afterparty<\/h3>\n<p>Mora tendente al rosso, occhioni da fumetto, napoletana di nascita e vagabonda per amore, amante della cucina tanto da farne un lavoro. Adoro la cioccolata, non ho ben compreso la differenza tra confettura e marmellata, amo avere le mani in pasta.<br \/>\nPasticcera e cioccolatiera D.O.P. Credo nella magia che avvolge il primo boccone e sono sostenitrice della \u201cSweet Therapy\u201d: non c\u2019\u00e8 nessuna tristezza che una buona fetta di torta non possa curare!<br \/>\nChocolate taster di primo livello, sono sempre pronta a sbugiardare il cattivo cioccolato.<br \/>\nHo una profonda ruga del sarcasmo lungo il viso \ud83d\ude42<br \/>\nWordPress User.<br \/>\nCreatrice di <a href=\"https:\/\/href.li\/?http:\/\/mentecontorta.it\/\" rel=\"noreferrer\">mentecontorta.it<\/a>.<br \/>\nSu slack sono @pjska .<\/p>\n\t\t\t\t<\/div>\n\t\t\t<\/div>\n\n\t\t\n\t<\/div><!-- .wcorg-organizers -->\n\t\n","protected":false},"excerpt":{"rendered":"","protected":false},"author":14486312,"featured_media":0,"parent":0,"menu_order":0,"comment_status":"closed","ping_status":"closed","template":"","meta":{"jetpack_post_was_ever_published":false,"footnotes":""},"class_list":["post-16","page","type-page","status-publish","hentry"],"jetpack_sharing_enabled":true,"jetpack_shortlink":"https:\/\/wp.me\/P7FQLh-g","_links":{"self":[{"href":"https:\/\/milano.wordcamp.org\/2016\/wp-json\/wp\/v2\/pages\/16","targetHints":{"allow":["GET"]}}],"collection":[{"href":"https:\/\/milano.wordcamp.org\/2016\/wp-json\/wp\/v2\/pages"}],"about":[{"href":"https:\/\/milano.wordcamp.org\/2016\/wp-json\/wp\/v2\/types\/page"}],"author":[{"embeddable":true,"href":"https:\/\/milano.wordcamp.org\/2016\/wp-json\/wp\/v2\/users\/14486312"}],"replies":[{"embeddable":true,"href":"https:\/\/milano.wordcamp.org\/2016\/wp-json\/wp\/v2\/comments?post=16"}],"version-history":[{"count":13,"href":"https:\/\/milano.wordcamp.org\/2016\/wp-json\/wp\/v2\/pages\/16\/revisions"}],"predecessor-version":[{"id":361,"href":"https:\/\/milano.wordcamp.org\/2016\/wp-json\/wp\/v2\/pages\/16\/revisions\/361"}],"wp:attachment":[{"href":"https:\/\/milano.wordcamp.org\/2016\/wp-json\/wp\/v2\/media?parent=16"}],"curies":[{"name":"wp","href":"https:\/\/api.w.org\/{rel}","templated":true}]}}